{"id":62,"date":"2023-04-03T14:59:20","date_gmt":"2023-04-03T13:59:20","guid":{"rendered":"https:\/\/barbaraquecedo.com\/?page_id=62"},"modified":"2023-04-15T10:55:34","modified_gmt":"2023-04-15T09:55:34","slug":"podcast-sobre-emprendimiento","status":"publish","type":"page","link":"https:\/\/barbaraquecedo.com\/index.php\/podcast-sobre-emprendimiento\/","title":{"rendered":"MI PODCAST SOBRE EMPRENDIMIENTO"},"content":{"rendered":"\n<h2 class=\"wp-block-heading\" style=\"font-size:16px\">En este podcast tan personal, te cuento c\u00f3mo es mi d\u00eda a d\u00eda emprendiendo. Victorias, derrotas, reflexiones&#8230; la incertidumbre de emprender.<\/h2>\n\n\n\n<p style=\"font-size:16px\">En enero del 2023 decid\u00ed volver a emprender por segunda vez para cumplir uno de mis sue\u00f1os; poder vivir de mis proyectos. <\/p>\n\n\n\n<p style=\"font-size:16px\">Mi proyecto principal es <em><a href=\"http:\/\/gladiatrix.es\" title=\"Gladiatrix\">Gladiatrix<\/a><\/em>, una marca de art\u00edculos de boxeo pensados para nosotras, y hasta que este proyecto llegue a ser rentable, quiero ayudar a otras PYMES y start-ups a seguir creciendo.<\/p>\n\n\n\n<p class=\"has-work-sans-font-family\" style=\"font-size:16px\">En cada episodio puedes encontrar contenido sin filtros, todo basado en mi propia experiencia trabajando para otras empresas y montando un proyecto desde cero. <\/p>\n\n\n\n<p class=\"has-work-sans-font-family\" style=\"font-size:16px\">La idea es compartir para poder visibilizar el trabajo que hay detr\u00e1s de cada decisi\u00f3n que se toma, y por otro lado, recoger feedback de todas las personas que se van sumando a esta aventura.<\/p>\n\n\n\n<p class=\"has-work-sans-font-family\" style=\"font-size:16px\"><strong>Trazando mi propio camino<\/strong>&#8230; espero que me acompa\u00f1es en \u00e9l.<\/p>\n\n\n\n<p class=\"has-work-sans-font-family\" style=\"font-size:16px\"> \u00a1Dale al play!<\/p>\n\n\n\n<div class=\"wp-block-columns is-layout-flex wp-container-core-columns-layout-1 wp-block-columns-is-layout-flex\">\n<div class=\"wp-block-column is-layout-flow wp-block-column-is-layout-flow\"><\/div>\n\n\n\n<div class=\"wp-block-column is-layout-flow wp-block-column-is-layout-flow\"><\/div>\n\n\n\n<div class=\"wp-block-column is-layout-flow wp-block-column-is-layout-flow\">\n<iframe style=\"border-radius:12px\" src=\"https:\/\/open.spotify.com\/embed\/episode\/4UIlebemLfBDkDmOmW1Nxa?utm_source=generator\" width=\"100%\" height=\"352\" frameBorder=\"0\" allowfullscreen=\"\" allow=\"autoplay; clipboard-write; encrypted-media; fullscreen; picture-in-picture\" loading=\"lazy\"><\/iframe>\n<\/div>\n<\/div>\n\n\n\n<div class=\"wp-block-columns is-layout-flex wp-container-core-columns-layout-2 wp-block-columns-is-layout-flex\">\n<div class=\"wp-block-column is-layout-flow wp-block-column-is-layout-flow\">\n<iframe style=\"border-radius:12px\" src=\"https:\/\/open.spotify.com\/embed\/episode\/1OsSwfI3uMO5EbKJ6v3VUB?utm_source=generator&amp;t=0\" width=\"100%\" height=\"352\" frameborder=\"0\" allowfullscreen=\"\" allow=\"autoplay; clipboard-write; encrypted-media; fullscreen; picture-in-picture\" loading=\"lazy\"><\/iframe>\n<\/div>\n\n\n\n<div class=\"wp-block-column is-layout-flow wp-block-column-is-layout-flow\">\n<iframe style=\"border-radius:12px\" src=\"https:\/\/open.spotify.com\/embed\/episode\/0pt5u4b6XWgk3Kb25fVgcv?utm_source=generator&amp;t=0\" width=\"100%\" height=\"352\" frameborder=\"0\" allowfullscreen=\"\" allow=\"autoplay; clipboard-write; encrypted-media; fullscreen; picture-in-picture\" loading=\"lazy\"><\/iframe>\n<\/div>\n\n\n\n<div class=\"wp-block-column is-layout-flow wp-block-column-is-layout-flow\">\n<iframe style=\"border-radius:12px\" src=\"https:\/\/open.spotify.com\/embed\/episode\/6hV5dePQLsB35VwSiN7IdC?utm_source=generator&amp;t=0\" width=\"100%\" height=\"352\" frameborder=\"0\" allowfullscreen=\"\" allow=\"autoplay; clipboard-write; encrypted-media; fullscreen; picture-in-picture\" loading=\"lazy\"><\/iframe>\n<\/div>\n<\/div>\n","protected":false},"excerpt":{"rendered":"<p>En este podcast tan personal, te cuento c\u00f3mo es mi d\u00eda a d\u00eda emprendiendo. Victorias, derrotas, reflexiones&#8230; la incertidumbre de emprender. En enero del 2023 decid\u00ed volver a emprender por segunda vez para cumplir uno de mis sue\u00f1os; poder vivir de mis proyectos. Mi proyecto principal es Gladiatrix, una marca de art\u00edculos de boxeo pensados [&hellip;]<\/p>\n","protected":false},"author":1,"featured_media":0,"parent":0,"menu_order":0,"comment_status":"closed","ping_status":"closed","template":"","meta":{"om_disable_all_campaigns":false,"_monsterinsights_skip_tracking":false,"_monsterinsights_sitenote_active":false,"_monsterinsights_sitenote_note":"","_monsterinsights_sitenote_category":0,"footnotes":""},"aioseo_notices":[],"_links":{"self":[{"href":"https:\/\/barbaraquecedo.com\/index.php\/wp-json\/wp\/v2\/pages\/62"}],"collection":[{"href":"https:\/\/barbaraquecedo.com\/index.php\/wp-json\/wp\/v2\/pages"}],"about":[{"href":"https:\/\/barbaraquecedo.com\/index.php\/wp-json\/wp\/v2\/types\/page"}],"author":[{"embeddable":true,"href":"https:\/\/barbaraquecedo.com\/index.php\/wp-json\/wp\/v2\/users\/1"}],"replies":[{"embeddable":true,"href":"https:\/\/barbaraquecedo.com\/index.php\/wp-json\/wp\/v2\/comments?post=62"}],"version-history":[{"count":5,"href":"https:\/\/barbaraquecedo.com\/index.php\/wp-json\/wp\/v2\/pages\/62\/revisions"}],"predecessor-version":[{"id":89,"href":"https:\/\/barbaraquecedo.com\/index.php\/wp-json\/wp\/v2\/pages\/62\/revisions\/89"}],"wp:attachment":[{"href":"https:\/\/barbaraquecedo.com\/index.php\/wp-json\/wp\/v2\/media?parent=62"}],"curies":[{"name":"wp","href":"https:\/\/api.w.org\/{rel}","templated":true}]}}